{"id":9266,"date":"2022-08-02T22:19:07","date_gmt":"2022-08-02T22:19:07","guid":{"rendered":"https:\/\/cultivaction.ca\/?page_id=9266"},"modified":"2024-02-22T19:51:23","modified_gmt":"2024-02-22T19:51:23","slug":"press","status":"publish","type":"page","link":"https:\/\/cultivaction.ca\/fr\/press\/","title":{"rendered":"M\u00e9dias"},"content":{"rendered":"<div data-elementor-type=\"wp-page\" data-elementor-id=\"9266\" class=\"elementor elementor-9266\">\n\t\t\t\t\t\t<section class=\"elementor-section elementor-top-section elementor-element elementor-element-e900e1a elementor-section-boxed elementor-section-height-default elementor-section-height-default\" data-id=\"e900e1a\" data-element_type=\"section\" data-e-type=\"section\">\n\t\t\t\t\t\t<div class=\"elementor-container elementor-column-gap-default\">\n\t\t\t\t\t<div class=\"elementor-column elementor-col-100 elementor-top-column elementor-element elementor-element-8e98a02\" data-id=\"8e98a02\" data-element_type=\"column\" data-e-type=\"column\">\n\t\t\t<div class=\"elementor-widget-wrap elementor-element-populated\">\n\t\t\t\t\t\t<div class=\"elementor-element elementor-element-993a3a2 elementor-widget elementor-widget-spacer\" data-id=\"993a3a2\" data-element_type=\"widget\" data-e-type=\"widget\" data-widget_type=\"spacer.default\">\n\t\t\t\t<div class=\"elementor-widget-container\">\n\t\t\t\t\t\t\t<div class=\"elementor-spacer\">\n\t\t\t<div class=\"elementor-spacer-inner\"><\/div>\n\t\t<\/div>\n\t\t\t\t\t\t<\/div>\n\t\t\t\t<\/div>\n\t\t\t\t\t<\/div>\n\t\t<\/div>\n\t\t\t\t\t<\/div>\n\t\t<\/section>\n\t\t\t\t<section class=\"elementor-section elementor-top-section elementor-element elementor-element-7c73a56 elementor-section-boxed elementor-section-height-default elementor-section-height-default\" data-id=\"7c73a56\" data-element_type=\"section\" data-e-type=\"section\">\n\t\t\t\t\t\t<div class=\"elementor-container elementor-column-gap-default\">\n\t\t\t\t\t<div class=\"elementor-column elementor-col-50 elementor-top-column elementor-element elementor-element-5ab44fa\" data-id=\"5ab44fa\" data-element_type=\"column\" data-e-type=\"column\">\n\t\t\t<div class=\"elementor-widget-wrap elementor-element-populated\">\n\t\t\t\t\t\t<div class=\"elementor-element elementor-element-db6b905 elementor-widget elementor-widget-text-editor\" data-id=\"db6b905\" data-element_type=\"widget\" data-e-type=\"widget\" data-widget_type=\"text-editor.default\">\n\t\t\t\t<div class=\"elementor-widget-container\">\n\t\t\t\t\t\t\t\t\t<h1>In the news \/ media<\/h1>\t\t\t\t\t\t\t\t<\/div>\n\t\t\t\t<\/div>\n\t\t\t\t<div class=\"elementor-element elementor-element-468b848 elementor-widget elementor-widget-spacer\" data-id=\"468b848\" data-element_type=\"widget\" data-e-type=\"widget\" data-widget_type=\"spacer.default\">\n\t\t\t\t<div class=\"elementor-widget-container\">\n\t\t\t\t\t\t\t<div class=\"elementor-spacer\">\n\t\t\t<div class=\"elementor-spacer-inner\"><\/div>\n\t\t<\/div>\n\t\t\t\t\t\t<\/div>\n\t\t\t\t<\/div>\n\t\t\t\t<div class=\"elementor-element elementor-element-f238bc2 elementor-widget elementor-widget-video\" data-id=\"f238bc2\" data-element_type=\"widget\" data-e-type=\"widget\" data-settings=\"{&quot;youtube_url&quot;:&quot;https:\\\/\\\/youtu.be\\\/3fjIyl_DH0I&quot;,&quot;video_type&quot;:&quot;youtube&quot;,&quot;controls&quot;:&quot;yes&quot;}\" data-widget_type=\"video.default\">\n\t\t\t\t<div class=\"elementor-widget-container\">\n\t\t\t\t\t\t\t<div class=\"elementor-wrapper elementor-open-inline\">\n\t\t\t<div class=\"elementor-video\"><\/div>\t\t<\/div>\n\t\t\t\t\t\t<\/div>\n\t\t\t\t<\/div>\n\t\t\t\t<div class=\"elementor-element elementor-element-6c6b3a9 elementor-widget elementor-widget-spacer\" data-id=\"6c6b3a9\" data-element_type=\"widget\" data-e-type=\"widget\" data-widget_type=\"spacer.default\">\n\t\t\t\t<div class=\"elementor-widget-container\">\n\t\t\t\t\t\t\t<div class=\"elementor-spacer\">\n\t\t\t<div class=\"elementor-spacer-inner\"><\/div>\n\t\t<\/div>\n\t\t\t\t\t\t<\/div>\n\t\t\t\t<\/div>\n\t\t\t\t<div class=\"elementor-element elementor-element-1131e27 elementor-widget elementor-widget-text-editor\" data-id=\"1131e27\" data-element_type=\"widget\" data-e-type=\"widget\" data-widget_type=\"text-editor.default\">\n\t\t\t\t<div class=\"elementor-widget-container\">\n\t\t\t\t\t\t\t\t\t<h3>CultivAction at Concordia University<\/h3><p><span class=\"yt-core-attributed-string yt-core-attributed-string--white-space-pre-wrap\"><span class=\"yt-core-attributed-string--link-inherit-color\"><span class=\"yt-core-attributed-string yt-core-attributed-string--white-space-pre-wrap\" role=\"text\">R\u00e9alis\u00e9 par Meghan Kerr, Julia Lehmann et Kitty Lin, \u00e9tudiantes \u00e0 l'Universit\u00e9 Concordia. <\/span><\/span><\/span><\/p>\t\t\t\t\t\t\t\t<\/div>\n\t\t\t\t<\/div>\n\t\t\t\t<div class=\"elementor-element elementor-element-a2cbf18 elementor-widget-divider--view-line elementor-widget elementor-widget-divider\" data-id=\"a2cbf18\" data-element_type=\"widget\" data-e-type=\"widget\" data-widget_type=\"divider.default\">\n\t\t\t\t<div class=\"elementor-widget-container\">\n\t\t\t\t\t\t\t<div class=\"elementor-divider\">\n\t\t\t<span class=\"elementor-divider-separator\">\n\t\t\t\t\t\t<\/span>\n\t\t<\/div>\n\t\t\t\t\t\t<\/div>\n\t\t\t\t<\/div>\n\t\t\t\t<div class=\"elementor-element elementor-element-2d94811 elementor-widget elementor-widget-video\" data-id=\"2d94811\" data-element_type=\"widget\" data-e-type=\"widget\" data-settings=\"{&quot;youtube_url&quot;:&quot;https:\\\/\\\/youtu.be\\\/yQlKntCU7Nw&quot;,&quot;video_type&quot;:&quot;youtube&quot;,&quot;controls&quot;:&quot;yes&quot;}\" data-widget_type=\"video.default\">\n\t\t\t\t<div class=\"elementor-widget-container\">\n\t\t\t\t\t\t\t<div class=\"elementor-wrapper elementor-open-inline\">\n\t\t\t<div class=\"elementor-video\"><\/div>\t\t<\/div>\n\t\t\t\t\t\t<\/div>\n\t\t\t\t<\/div>\n\t\t\t\t<div class=\"elementor-element elementor-element-36cb3c2 elementor-widget elementor-widget-spacer\" data-id=\"36cb3c2\" data-element_type=\"widget\" data-e-type=\"widget\" data-widget_type=\"spacer.default\">\n\t\t\t\t<div class=\"elementor-widget-container\">\n\t\t\t\t\t\t\t<div class=\"elementor-spacer\">\n\t\t\t<div class=\"elementor-spacer-inner\"><\/div>\n\t\t<\/div>\n\t\t\t\t\t\t<\/div>\n\t\t\t\t<\/div>\n\t\t\t\t<div class=\"elementor-element elementor-element-c41b159 elementor-widget elementor-widget-text-editor\" data-id=\"c41b159\" data-element_type=\"widget\" data-e-type=\"widget\" data-widget_type=\"text-editor.default\">\n\t\t\t\t<div class=\"elementor-widget-container\">\n\t\t\t\t\t\t\t\t\t<h3>Canadians are compromising their health over high food prices: report | CTV NEWS<\/h3><div><span dir=\"auto\"><span class=\"style-scope yt-formatted-string bold\" dir=\"auto\">Oct 5, 2023\u00a0\u00a0\u2022\u00a0 <\/span>CTV News<\/span><\/div><p><span class=\"yt-core-attributed-string yt-core-attributed-string--white-space-pre-wrap\"><span class=\"yt-core-attributed-string--link-inherit-color\">A new report sheds light on how the high cost of food is affecting the financial and physical health of Canadians and features how Coop CultivAction is offering affordable alternatives to the large food monopolies.<br \/><\/span><\/span><\/p>\t\t\t\t\t\t\t\t<\/div>\n\t\t\t\t<\/div>\n\t\t\t\t<div class=\"elementor-element elementor-element-22b98e4 elementor-widget-divider--view-line elementor-widget elementor-widget-divider\" data-id=\"22b98e4\" data-element_type=\"widget\" data-e-type=\"widget\" data-widget_type=\"divider.default\">\n\t\t\t\t<div class=\"elementor-widget-container\">\n\t\t\t\t\t\t\t<div class=\"elementor-divider\">\n\t\t\t<span class=\"elementor-divider-separator\">\n\t\t\t\t\t\t<\/span>\n\t\t<\/div>\n\t\t\t\t\t\t<\/div>\n\t\t\t\t<\/div>\n\t\t\t\t<div class=\"elementor-element elementor-element-685397c elementor-widget elementor-widget-spacer\" data-id=\"685397c\" data-element_type=\"widget\" data-e-type=\"widget\" data-widget_type=\"spacer.default\">\n\t\t\t\t<div class=\"elementor-widget-container\">\n\t\t\t\t\t\t\t<div class=\"elementor-spacer\">\n\t\t\t<div class=\"elementor-spacer-inner\"><\/div>\n\t\t<\/div>\n\t\t\t\t\t\t<\/div>\n\t\t\t\t<\/div>\n\t\t\t\t<div class=\"elementor-element elementor-element-84f8085 elementor-widget elementor-widget-text-editor\" data-id=\"84f8085\" data-element_type=\"widget\" data-e-type=\"widget\" data-widget_type=\"text-editor.default\">\n\t\t\t\t<div class=\"elementor-widget-container\">\n\t\t\t\t\t\t\t\t\t<h3><a href=\"https:\/\/www.concordia.ca\/cunews\/main\/stories\/2023\/08\/09\/concordia-farmers-market-makes-its-return-to-both-campuses-this-month.html\" target=\"_blank\" rel=\"noopener\">Concordia Farmers\u2019 Market makes its return to both campuses this month<\/a><\/h3><div>August 9, 2023, Concordia University News \u00a0\u2022\u00a0 Candice Pye<\/div><div><p>\u2018An important space for community-building and conversations about food justice\u2019<\/p><\/div>\t\t\t\t\t\t\t\t<\/div>\n\t\t\t\t<\/div>\n\t\t\t\t<div class=\"elementor-element elementor-element-90b9508 elementor-widget elementor-widget-button\" data-id=\"90b9508\" data-element_type=\"widget\" data-e-type=\"widget\" data-widget_type=\"button.default\">\n\t\t\t\t<div class=\"elementor-widget-container\">\n\t\t\t\t\t\t\t\t\t<div class=\"elementor-button-wrapper\">\n\t\t\t\t\t<a class=\"elementor-button elementor-button-link elementor-size-sm\" href=\"https:\/\/www.concordia.ca\/cunews\/main\/stories\/2023\/08\/09\/concordia-farmers-market-makes-its-return-to-both-campuses-this-month.html\">\n\t\t\t\t\t\t<span class=\"elementor-button-content-wrapper\">\n\t\t\t\t\t\t\t\t\t<span class=\"elementor-button-text\">Lire l'article complet<\/span>\n\t\t\t\t\t<\/span>\n\t\t\t\t\t<\/a>\n\t\t\t\t<\/div>\n\t\t\t\t\t\t\t\t<\/div>\n\t\t\t\t<\/div>\n\t\t\t\t<div class=\"elementor-element elementor-element-e6d4701 elementor-widget-divider--view-line elementor-widget elementor-widget-divider\" data-id=\"e6d4701\" data-element_type=\"widget\" data-e-type=\"widget\" data-widget_type=\"divider.default\">\n\t\t\t\t<div class=\"elementor-widget-container\">\n\t\t\t\t\t\t\t<div class=\"elementor-divider\">\n\t\t\t<span class=\"elementor-divider-separator\">\n\t\t\t\t\t\t<\/span>\n\t\t<\/div>\n\t\t\t\t\t\t<\/div>\n\t\t\t\t<\/div>\n\t\t\t\t<div class=\"elementor-element elementor-element-cc401c7 elementor-widget elementor-widget-text-editor\" data-id=\"cc401c7\" data-element_type=\"widget\" data-e-type=\"widget\" data-widget_type=\"text-editor.default\">\n\t\t\t\t<div class=\"elementor-widget-container\">\n\t\t\t\t\t\t\t\t\t<div class=\"container grid top-section\"><h3 id=\"articleTitle\" class=\"article-title\">Montreal&#8217;s urban gardens are sowing the seeds of community<\/h3><div class=\"infos\"><div class=\"row-fluid stack-tablet-1 stack-mobile-1\"><div class=\"parsys_column span8\"><div class=\"date\"><span class=\"published-date__since\">Aug 12, 2022<\/span>, By <span class=\"published-by__author\"> <a href=\"https:\/\/montrealgazette.com\/author\/susanschwartz\/\">Susan Schwartz<\/a> <\/span> \u00a0\u2022\u00a0 <span class=\"published-by__publication\"> Montreal Gazette<\/span><\/div><div>\u00a0<\/div><\/div><\/div><\/div><\/div>\t\t\t\t\t\t\t\t<\/div>\n\t\t\t\t<\/div>\n\t\t\t\t<div class=\"elementor-element elementor-element-f642ca4 elementor-widget elementor-widget-button\" data-id=\"f642ca4\" data-element_type=\"widget\" data-e-type=\"widget\" data-widget_type=\"button.default\">\n\t\t\t\t<div class=\"elementor-widget-container\">\n\t\t\t\t\t\t\t\t\t<div class=\"elementor-button-wrapper\">\n\t\t\t\t\t<a class=\"elementor-button elementor-button-link elementor-size-sm\" href=\"https:\/\/montrealgazette.com\/life\/montreals-urban-gardens-are-sowing-the-seeds-of-community?fbclid=IwAR2EqXItXSBViACr5VmbggdHWOI0xZpvHAzAVFEM7Yg0Xm6TmWIQ7fFDgOY\" target=\"_blank\">\n\t\t\t\t\t\t<span class=\"elementor-button-content-wrapper\">\n\t\t\t\t\t\t\t\t\t<span class=\"elementor-button-text\">Lire l'article complet<\/span>\n\t\t\t\t\t<\/span>\n\t\t\t\t\t<\/a>\n\t\t\t\t<\/div>\n\t\t\t\t\t\t\t\t<\/div>\n\t\t\t\t<\/div>\n\t\t\t\t<div class=\"elementor-element elementor-element-04f36d2 elementor-widget-divider--view-line elementor-widget elementor-widget-divider\" data-id=\"04f36d2\" data-element_type=\"widget\" data-e-type=\"widget\" data-widget_type=\"divider.default\">\n\t\t\t\t<div class=\"elementor-widget-container\">\n\t\t\t\t\t\t\t<div class=\"elementor-divider\">\n\t\t\t<span class=\"elementor-divider-separator\">\n\t\t\t\t\t\t<\/span>\n\t\t<\/div>\n\t\t\t\t\t\t<\/div>\n\t\t\t\t<\/div>\n\t\t\t\t<div class=\"elementor-element elementor-element-34936f0 elementor-widget elementor-widget-text-editor\" data-id=\"34936f0\" data-element_type=\"widget\" data-e-type=\"widget\" data-widget_type=\"text-editor.default\">\n\t\t\t\t<div class=\"elementor-widget-container\">\n\t\t\t\t\t\t\t\t\t<div class=\"container grid top-section\"><h3 class=\"detailHeadline\" lang=\"en\">Concordians, NDG residents weigh in on future of Loyola Campus<\/h3><div class=\"infos\"><div class=\"row-fluid stack-tablet-1 stack-mobile-1\"><div class=\"parsys_column span8\"><div class=\"date\"><span class=\"authorText\" data-cy=\"author-text\"><time class=\"timeStamp\" datetime=\"2023-02-23T23:43:58.665Z\">Posted: Feb 23, 2023<\/time> <a class=\"\" href=\"https:\/\/www.cbc.ca\/news\/canada\/montreal\/author\/joe-bongiorno-1.5392853\">Joe Bongiorno<\/a><\/span> <span class=\"bullet\">\u00b7 <\/span>CBC News\u00a0<\/div><div>\u00a0<\/div><\/div><\/div><\/div><\/div>\t\t\t\t\t\t\t\t<\/div>\n\t\t\t\t<\/div>\n\t\t\t\t<div class=\"elementor-element elementor-element-56c23b8 elementor-widget elementor-widget-button\" data-id=\"56c23b8\" data-element_type=\"widget\" data-e-type=\"widget\" data-widget_type=\"button.default\">\n\t\t\t\t<div class=\"elementor-widget-container\">\n\t\t\t\t\t\t\t\t\t<div class=\"elementor-button-wrapper\">\n\t\t\t\t\t<a class=\"elementor-button elementor-button-link elementor-size-sm\" href=\"https:\/\/www.cbc.ca\/news\/canada\/montreal\/concordia-loyola-information-session-consultation-master-plan-1.6758560\" target=\"_blank\">\n\t\t\t\t\t\t<span class=\"elementor-button-content-wrapper\">\n\t\t\t\t\t\t\t\t\t<span class=\"elementor-button-text\">Lire l'article complet<\/span>\n\t\t\t\t\t<\/span>\n\t\t\t\t\t<\/a>\n\t\t\t\t<\/div>\n\t\t\t\t\t\t\t\t<\/div>\n\t\t\t\t<\/div>\n\t\t\t\t<div class=\"elementor-element elementor-element-58b42c5 elementor-widget-divider--view-line elementor-widget elementor-widget-divider\" data-id=\"58b42c5\" data-element_type=\"widget\" data-e-type=\"widget\" data-widget_type=\"divider.default\">\n\t\t\t\t<div class=\"elementor-widget-container\">\n\t\t\t\t\t\t\t<div class=\"elementor-divider\">\n\t\t\t<span class=\"elementor-divider-separator\">\n\t\t\t\t\t\t<\/span>\n\t\t<\/div>\n\t\t\t\t\t\t<\/div>\n\t\t\t\t<\/div>\n\t\t\t\t<div class=\"elementor-element elementor-element-a80623d elementor-widget elementor-widget-text-editor\" data-id=\"a80623d\" data-element_type=\"widget\" data-e-type=\"widget\" data-widget_type=\"text-editor.default\">\n\t\t\t\t<div class=\"elementor-widget-container\">\n\t\t\t\t\t\t\t\t\t<div class=\"container grid top-section\"><h3 class=\"article-title\">Green projects are thriving at Concordia\u2019s Loyola Campus<\/h3><div class=\"infos\"><div class=\"row-fluid stack-tablet-1 stack-mobile-1\"><div class=\"parsys_column span8\"><div class=\"date\">July 21, 2022, By <a href=\"https:\/\/www.concordia.ca\/news\/authors\/elisabeth-faure.html\">Elisabeth Faure<\/a>\u00a0\u00a0\u2022\u00a0 Concordia University<\/div><div>\u00a0<\/div><\/div><\/div><\/div><\/div>\t\t\t\t\t\t\t\t<\/div>\n\t\t\t\t<\/div>\n\t\t\t\t<div class=\"elementor-element elementor-element-35785c1 elementor-widget elementor-widget-button\" data-id=\"35785c1\" data-element_type=\"widget\" data-e-type=\"widget\" data-widget_type=\"button.default\">\n\t\t\t\t<div class=\"elementor-widget-container\">\n\t\t\t\t\t\t\t\t\t<div class=\"elementor-button-wrapper\">\n\t\t\t\t\t<a class=\"elementor-button elementor-button-link elementor-size-sm\" href=\"https:\/\/www.concordia.ca\/news\/stories\/2022\/07\/21\/green-projects-are-thriving-at-concordias-loyola-campus.html?c=%2Fnews%2Farchive&#038;fbclid=IwAR0Ke8rf4WMlvS6ZuHemq5wfM8KXnKY6pNr1JcpNnu3BwNVU4r4-t6BI_S8\" target=\"_blank\">\n\t\t\t\t\t\t<span class=\"elementor-button-content-wrapper\">\n\t\t\t\t\t\t\t\t\t<span class=\"elementor-button-text\">Lire l'article complet<\/span>\n\t\t\t\t\t<\/span>\n\t\t\t\t\t<\/a>\n\t\t\t\t<\/div>\n\t\t\t\t\t\t\t\t<\/div>\n\t\t\t\t<\/div>\n\t\t\t\t<div class=\"elementor-element elementor-element-5e5ae23 elementor-widget-divider--view-line elementor-widget elementor-widget-divider\" data-id=\"5e5ae23\" data-element_type=\"widget\" data-e-type=\"widget\" data-widget_type=\"divider.default\">\n\t\t\t\t<div class=\"elementor-widget-container\">\n\t\t\t\t\t\t\t<div class=\"elementor-divider\">\n\t\t\t<span class=\"elementor-divider-separator\">\n\t\t\t\t\t\t<\/span>\n\t\t<\/div>\n\t\t\t\t\t\t<\/div>\n\t\t\t\t<\/div>\n\t\t\t\t<div class=\"elementor-element elementor-element-c115dd3 elementor-widget elementor-widget-spacer\" data-id=\"c115dd3\" data-element_type=\"widget\" data-e-type=\"widget\" data-widget_type=\"spacer.default\">\n\t\t\t\t<div class=\"elementor-widget-container\">\n\t\t\t\t\t\t\t<div class=\"elementor-spacer\">\n\t\t\t<div class=\"elementor-spacer-inner\"><\/div>\n\t\t<\/div>\n\t\t\t\t\t\t<\/div>\n\t\t\t\t<\/div>\n\t\t\t\t<div class=\"elementor-element elementor-element-c0ba106 elementor-widget elementor-widget-video\" data-id=\"c0ba106\" data-element_type=\"widget\" data-e-type=\"widget\" data-settings=\"{&quot;youtube_url&quot;:&quot;https:\\\/\\\/youtu.be\\\/UwBpWHGnAUQ&quot;,&quot;video_type&quot;:&quot;youtube&quot;,&quot;controls&quot;:&quot;yes&quot;}\" data-widget_type=\"video.default\">\n\t\t\t\t<div class=\"elementor-widget-container\">\n\t\t\t\t\t\t\t<div class=\"elementor-wrapper elementor-open-inline\">\n\t\t\t<div class=\"elementor-video\"><\/div>\t\t<\/div>\n\t\t\t\t\t\t<\/div>\n\t\t\t\t<\/div>\n\t\t\t\t<div class=\"elementor-element elementor-element-5515e7a elementor-widget elementor-widget-spacer\" data-id=\"5515e7a\" data-element_type=\"widget\" data-e-type=\"widget\" data-widget_type=\"spacer.default\">\n\t\t\t\t<div class=\"elementor-widget-container\">\n\t\t\t\t\t\t\t<div class=\"elementor-spacer\">\n\t\t\t<div class=\"elementor-spacer-inner\"><\/div>\n\t\t<\/div>\n\t\t\t\t\t\t<\/div>\n\t\t\t\t<\/div>\n\t\t\t\t<div class=\"elementor-element elementor-element-950b631 elementor-widget elementor-widget-text-editor\" data-id=\"950b631\" data-element_type=\"widget\" data-e-type=\"widget\" data-widget_type=\"text-editor.default\">\n\t\t\t\t<div class=\"elementor-widget-container\">\n\t\t\t\t\t\t\t\t\t<h3>What a cooperative alternative to capitalism looks like | Climate Warriors Documentary<\/h3>\n<div><span dir=\"auto\">Nov 3, 2022,&nbsp;<\/span> <a tabindex=\"-1\" href=\"https:\/\/www.youtube.com\/channel\/UCBtnLqiba6ACrA63AHFTMUw\">My Media Creative <\/a><\/div>\n<p>Climate Warriors is a four-part docuseries that explores the stories of inspiring young climate leaders across Canada.<\/p>\t\t\t\t\t\t\t\t<\/div>\n\t\t\t\t<\/div>\n\t\t\t\t<div class=\"elementor-element elementor-element-ce0236e elementor-widget elementor-widget-spacer\" data-id=\"ce0236e\" data-element_type=\"widget\" data-e-type=\"widget\" data-widget_type=\"spacer.default\">\n\t\t\t\t<div class=\"elementor-widget-container\">\n\t\t\t\t\t\t\t<div class=\"elementor-spacer\">\n\t\t\t<div class=\"elementor-spacer-inner\"><\/div>\n\t\t<\/div>\n\t\t\t\t\t\t<\/div>\n\t\t\t\t<\/div>\n\t\t\t\t\t<\/div>\n\t\t<\/div>\n\t\t\t\t<div class=\"elementor-column elementor-col-50 elementor-top-column elementor-element elementor-element-a9d5646\" data-id=\"a9d5646\" data-element_type=\"column\" data-e-type=\"column\">\n\t\t\t<div class=\"elementor-widget-wrap\">\n\t\t\t\t\t\t\t<\/div>\n\t\t<\/div>\n\t\t\t\t\t<\/div>\n\t\t<\/section>\n\t\t\t\t<\/div>","protected":false},"excerpt":{"rendered":"<p>In the news \/ media CultivAction at Concordia University Made by Meghan Kerr, Julia Lehmann &amp; Kitty Lin, Students at Concordia University. Canadians are compromising their health over high food&#8230;<\/p>","protected":false},"author":2,"featured_media":0,"parent":0,"menu_order":0,"comment_status":"closed","ping_status":"closed","template":"","meta":{"wprm-recipe-roundup-name":"","wprm-recipe-roundup-description":"","_monsterinsights_skip_tracking":false,"_monsterinsights_sitenote_active":false,"_monsterinsights_sitenote_note":"","_monsterinsights_sitenote_category":0,"footnotes":""},"class_list":{"0":"post-9266","1":"page","2":"type-page","3":"status-publish","4":"hentry","5":"nt-post-class","6":"","8":"thumb-none","10":"excerpt-none"},"yoast_head":"<!-- This site is optimized with the Yoast SEO plugin v27.4 - https:\/\/yoast.com\/product\/yoast-seo-wordpress\/ -->\n<title>Press - Cultivaction<\/title>\n<meta name=\"robots\" content=\"index, follow, max-snippet:-1, max-image-preview:large, max-video-preview:-1\" \/>\n<link rel=\"canonical\" href=\"https:\/\/cultivaction.ca\/fr\/press\/\" \/>\n<meta property=\"og:locale\" content=\"fr_CA\" \/>\n<meta property=\"og:type\" content=\"article\" \/>\n<meta property=\"og:title\" content=\"Press - Cultivaction\" \/>\n<meta property=\"og:description\" content=\"In the news \/ media CultivAction at Concordia University Made by Meghan Kerr, Julia Lehmann &amp; Kitty Lin, Students at Concordia University. Canadians are compromising their health over high food...\" \/>\n<meta property=\"og:url\" content=\"https:\/\/cultivaction.ca\/fr\/press\/\" \/>\n<meta property=\"og:site_name\" content=\"Cultivaction\" \/>\n<meta property=\"article:modified_time\" content=\"2024-02-22T19:51:23+00:00\" \/>\n<meta name=\"twitter:card\" content=\"summary_large_image\" \/>\n<meta name=\"twitter:label1\" content=\"Estimation du temps de lecture\" \/>\n\t<meta name=\"twitter:data1\" content=\"1 minute\" \/>\n<script type=\"application\/ld+json\" class=\"yoast-schema-graph\">{\"@context\":\"https:\\\/\\\/schema.org\",\"@graph\":[{\"@type\":\"WebPage\",\"@id\":\"https:\\\/\\\/cultivaction.ca\\\/press\\\/\",\"url\":\"https:\\\/\\\/cultivaction.ca\\\/press\\\/\",\"name\":\"Press - Cultivaction\",\"isPartOf\":{\"@id\":\"https:\\\/\\\/cultivaction.ca\\\/#website\"},\"datePublished\":\"2022-08-02T22:19:07+00:00\",\"dateModified\":\"2024-02-22T19:51:23+00:00\",\"breadcrumb\":{\"@id\":\"https:\\\/\\\/cultivaction.ca\\\/press\\\/#breadcrumb\"},\"inLanguage\":\"fr-CA\",\"potentialAction\":[{\"@type\":\"ReadAction\",\"target\":[\"https:\\\/\\\/cultivaction.ca\\\/press\\\/\"]}]},{\"@type\":\"BreadcrumbList\",\"@id\":\"https:\\\/\\\/cultivaction.ca\\\/press\\\/#breadcrumb\",\"itemListElement\":[{\"@type\":\"ListItem\",\"position\":1,\"name\":\"Home\",\"item\":\"https:\\\/\\\/cultivaction.ca\\\/\"},{\"@type\":\"ListItem\",\"position\":2,\"name\":\"Press\"}]},{\"@type\":\"WebSite\",\"@id\":\"https:\\\/\\\/cultivaction.ca\\\/#website\",\"url\":\"https:\\\/\\\/cultivaction.ca\\\/\",\"name\":\"Cultivaction\",\"description\":\"Solidarity Cooperative of Urban Farmers\",\"publisher\":{\"@id\":\"https:\\\/\\\/cultivaction.ca\\\/#organization\"},\"potentialAction\":[{\"@type\":\"SearchAction\",\"target\":{\"@type\":\"EntryPoint\",\"urlTemplate\":\"https:\\\/\\\/cultivaction.ca\\\/?s={search_term_string}\"},\"query-input\":{\"@type\":\"PropertyValueSpecification\",\"valueRequired\":true,\"valueName\":\"search_term_string\"}}],\"inLanguage\":\"fr-CA\"},{\"@type\":\"Organization\",\"@id\":\"https:\\\/\\\/cultivaction.ca\\\/#organization\",\"name\":\"Coop CultivAction\",\"url\":\"https:\\\/\\\/cultivaction.ca\\\/\",\"logo\":{\"@type\":\"ImageObject\",\"inLanguage\":\"fr-CA\",\"@id\":\"https:\\\/\\\/cultivaction.ca\\\/#\\\/schema\\\/logo\\\/image\\\/\",\"url\":\"https:\\\/\\\/i0.wp.com\\\/cultivaction.ca\\\/wp-content\\\/uploads\\\/2022\\\/02\\\/Cultivaction-300x100-1.png?fit=300%2C100&ssl=1\",\"contentUrl\":\"https:\\\/\\\/i0.wp.com\\\/cultivaction.ca\\\/wp-content\\\/uploads\\\/2022\\\/02\\\/Cultivaction-300x100-1.png?fit=300%2C100&ssl=1\",\"width\":300,\"height\":100,\"caption\":\"Coop CultivAction\"},\"image\":{\"@id\":\"https:\\\/\\\/cultivaction.ca\\\/#\\\/schema\\\/logo\\\/image\\\/\"}}]}<\/script>\n<!-- \/ Yoast SEO plugin. -->","yoast_head_json":{"title":"Press - Cultivaction","robots":{"index":"index","follow":"follow","max-snippet":"max-snippet:-1","max-image-preview":"max-image-preview:large","max-video-preview":"max-video-preview:-1"},"canonical":"https:\/\/cultivaction.ca\/fr\/press\/","og_locale":"fr_CA","og_type":"article","og_title":"Press - Cultivaction","og_description":"In the news \/ media CultivAction at Concordia University Made by Meghan Kerr, Julia Lehmann &amp; Kitty Lin, Students at Concordia University. Canadians are compromising their health over high food...","og_url":"https:\/\/cultivaction.ca\/fr\/press\/","og_site_name":"Cultivaction","article_modified_time":"2024-02-22T19:51:23+00:00","twitter_card":"summary_large_image","twitter_misc":{"Estimation du temps de lecture":"1 minute"},"schema":{"@context":"https:\/\/schema.org","@graph":[{"@type":"WebPage","@id":"https:\/\/cultivaction.ca\/press\/","url":"https:\/\/cultivaction.ca\/press\/","name":"Press - Cultivaction","isPartOf":{"@id":"https:\/\/cultivaction.ca\/#website"},"datePublished":"2022-08-02T22:19:07+00:00","dateModified":"2024-02-22T19:51:23+00:00","breadcrumb":{"@id":"https:\/\/cultivaction.ca\/press\/#breadcrumb"},"inLanguage":"fr-CA","potentialAction":[{"@type":"ReadAction","target":["https:\/\/cultivaction.ca\/press\/"]}]},{"@type":"BreadcrumbList","@id":"https:\/\/cultivaction.ca\/press\/#breadcrumb","itemListElement":[{"@type":"ListItem","position":1,"name":"Home","item":"https:\/\/cultivaction.ca\/"},{"@type":"ListItem","position":2,"name":"Press"}]},{"@type":"WebSite","@id":"https:\/\/cultivaction.ca\/#website","url":"https:\/\/cultivaction.ca\/","name":"Cultivaction","description":"Coop\u00e9rative de solidarit\u00e9 d'agriculteurs urbains","publisher":{"@id":"https:\/\/cultivaction.ca\/#organization"},"potentialAction":[{"@type":"SearchAction","target":{"@type":"EntryPoint","urlTemplate":"https:\/\/cultivaction.ca\/?s={search_term_string}"},"query-input":{"@type":"PropertyValueSpecification","valueRequired":true,"valueName":"search_term_string"}}],"inLanguage":"fr-CA"},{"@type":"Organization","@id":"https:\/\/cultivaction.ca\/#organization","name":"Coop CultivAction","url":"https:\/\/cultivaction.ca\/","logo":{"@type":"ImageObject","inLanguage":"fr-CA","@id":"https:\/\/cultivaction.ca\/#\/schema\/logo\/image\/","url":"https:\/\/i0.wp.com\/cultivaction.ca\/wp-content\/uploads\/2022\/02\/Cultivaction-300x100-1.png?fit=300%2C100&ssl=1","contentUrl":"https:\/\/i0.wp.com\/cultivaction.ca\/wp-content\/uploads\/2022\/02\/Cultivaction-300x100-1.png?fit=300%2C100&ssl=1","width":300,"height":100,"caption":"Coop CultivAction"},"image":{"@id":"https:\/\/cultivaction.ca\/#\/schema\/logo\/image\/"}}]}},"jetpack_sharing_enabled":true,"_links":{"self":[{"href":"https:\/\/cultivaction.ca\/fr\/wp-json\/wp\/v2\/pages\/9266","targetHints":{"allow":["GET"]}}],"collection":[{"href":"https:\/\/cultivaction.ca\/fr\/wp-json\/wp\/v2\/pages"}],"about":[{"href":"https:\/\/cultivaction.ca\/fr\/wp-json\/wp\/v2\/types\/page"}],"author":[{"embeddable":true,"href":"https:\/\/cultivaction.ca\/fr\/wp-json\/wp\/v2\/users\/2"}],"replies":[{"embeddable":true,"href":"https:\/\/cultivaction.ca\/fr\/wp-json\/wp\/v2\/comments?post=9266"}],"version-history":[{"count":0,"href":"https:\/\/cultivaction.ca\/fr\/wp-json\/wp\/v2\/pages\/9266\/revisions"}],"wp:attachment":[{"href":"https:\/\/cultivaction.ca\/fr\/wp-json\/wp\/v2\/media?parent=9266"}],"curies":[{"name":"wp","href":"https:\/\/api.w.org\/{rel}","templated":true}]}}