{"id":15008,"date":"2024-05-09T01:38:54","date_gmt":"2024-05-09T01:38:54","guid":{"rendered":"https:\/\/cultivaction.ca\/?page_id=15008"},"modified":"2024-05-14T03:46:31","modified_gmt":"2024-05-14T03:46:31","slug":"may-14-introduction-to-the-urban-agriculture-certificate-tuesday-course","status":"publish","type":"page","link":"https:\/\/cultivaction.ca\/fr\/may-14-introduction-to-the-urban-agriculture-certificate-tuesday-course\/","title":{"rendered":"May 14 &#8211; Introduction to the Urban Agriculture Certificate Tuesday Course"},"content":{"rendered":"<div data-elementor-type=\"wp-page\" data-elementor-id=\"15008\" class=\"elementor elementor-15008\">\n\t\t\t\t\t\t<section class=\"elementor-section elementor-top-section elementor-element elementor-element-5d32582 elementor-section-boxed elementor-section-height-default elementor-section-height-default\" data-id=\"5d32582\" data-element_type=\"section\" data-e-type=\"section\">\n\t\t\t\t\t\t<div class=\"elementor-container elementor-column-gap-default\">\n\t\t\t\t\t<div class=\"elementor-column elementor-col-100 elementor-top-column elementor-element elementor-element-40c8b3c\" data-id=\"40c8b3c\" data-element_type=\"column\" data-e-type=\"column\">\n\t\t\t<div class=\"elementor-widget-wrap elementor-element-populated\">\n\t\t\t\t\t\t<div class=\"elementor-element elementor-element-c3b456b elementor-widget elementor-widget-spacer\" data-id=\"c3b456b\" data-element_type=\"widget\" data-e-type=\"widget\" data-widget_type=\"spacer.default\">\n\t\t\t\t<div class=\"elementor-widget-container\">\n\t\t\t\t\t\t\t<div class=\"elementor-spacer\">\n\t\t\t<div class=\"elementor-spacer-inner\"><\/div>\n\t\t<\/div>\n\t\t\t\t\t\t<\/div>\n\t\t\t\t<\/div>\n\t\t\t\t<div class=\"elementor-element elementor-element-aea4e26 elementor-widget elementor-widget-spacer\" data-id=\"aea4e26\" data-element_type=\"widget\" data-e-type=\"widget\" data-widget_type=\"spacer.default\">\n\t\t\t\t<div class=\"elementor-widget-container\">\n\t\t\t\t\t\t\t<div class=\"elementor-spacer\">\n\t\t\t<div class=\"elementor-spacer-inner\"><\/div>\n\t\t<\/div>\n\t\t\t\t\t\t<\/div>\n\t\t\t\t<\/div>\n\t\t\t\t\t<\/div>\n\t\t<\/div>\n\t\t\t\t\t<\/div>\n\t\t<\/section>\n\t\t\t\t<section class=\"elementor-section elementor-top-section elementor-element elementor-element-b84884a elementor-section-boxed elementor-section-height-default elementor-section-height-default\" data-id=\"b84884a\" data-element_type=\"section\" data-e-type=\"section\">\n\t\t\t\t\t\t<div class=\"elementor-container elementor-column-gap-default\">\n\t\t\t\t\t<div class=\"elementor-column elementor-col-100 elementor-top-column elementor-element elementor-element-936e64d\" data-id=\"936e64d\" data-element_type=\"column\" data-e-type=\"column\">\n\t\t\t<div class=\"elementor-widget-wrap elementor-element-populated\">\n\t\t\t\t\t\t<div class=\"elementor-element elementor-element-410b77b elementor-widget elementor-widget-heading\" data-id=\"410b77b\" data-element_type=\"widget\" data-e-type=\"widget\" data-widget_type=\"heading.default\">\n\t\t\t\t<div class=\"elementor-widget-container\">\n\t\t\t\t\t<h2 class=\"elementor-heading-title elementor-size-default\">CLASS 1<\/h2>\t\t\t\t<\/div>\n\t\t\t\t<\/div>\n\t\t\t\t<div class=\"elementor-element elementor-element-3265bda elementor-widget elementor-widget-heading\" data-id=\"3265bda\" data-element_type=\"widget\" data-e-type=\"widget\" data-widget_type=\"heading.default\">\n\t\t\t\t<div class=\"elementor-widget-container\">\n\t\t\t\t\t<h3 class=\"elementor-heading-title elementor-size-default\">May 14: Introduction to the Urban Agriculture Certificate Course\n<\/h3>\t\t\t\t<\/div>\n\t\t\t\t<\/div>\n\t\t\t\t\t<\/div>\n\t\t<\/div>\n\t\t\t\t\t<\/div>\n\t\t<\/section>\n\t\t\t\t<section class=\"elementor-section elementor-top-section elementor-element elementor-element-443584e elementor-section-boxed elementor-section-height-default elementor-section-height-default\" data-id=\"443584e\" data-element_type=\"section\" data-e-type=\"section\" data-settings=\"{&quot;background_background&quot;:&quot;classic&quot;}\">\n\t\t\t\t\t\t\t<div class=\"elementor-background-overlay\"><\/div>\n\t\t\t\t\t\t\t<div class=\"elementor-container elementor-column-gap-default\">\n\t\t\t\t\t<div class=\"elementor-column elementor-col-100 elementor-top-column elementor-element elementor-element-e40fbe3\" data-id=\"e40fbe3\" data-element_type=\"column\" data-e-type=\"column\">\n\t\t\t<div class=\"elementor-widget-wrap elementor-element-populated\">\n\t\t\t\t\t\t<div class=\"elementor-element elementor-element-11d9135 elementor-widget elementor-widget-text-editor\" data-id=\"11d9135\" data-element_type=\"widget\" data-e-type=\"widget\" data-widget_type=\"text-editor.default\">\n\t\t\t\t<div class=\"elementor-widget-container\">\n\t\t\t\t\t\t\t\t\t<p><span style=\"color: #ffffff;\">Meeting Location &#8211; Classroom CC 214 (see map below)<\/span><\/p>\t\t\t\t\t\t\t\t<\/div>\n\t\t\t\t<\/div>\n\t\t\t\t\t<\/div>\n\t\t<\/div>\n\t\t\t\t\t<\/div>\n\t\t<\/section>\n\t\t\t\t<section class=\"elementor-section elementor-top-section elementor-element elementor-element-6e99946 elementor-section-boxed elementor-section-height-default elementor-section-height-default\" data-id=\"6e99946\" data-element_type=\"section\" data-e-type=\"section\">\n\t\t\t\t\t\t<div class=\"elementor-container elementor-column-gap-default\">\n\t\t\t\t\t<div class=\"elementor-column elementor-col-50 elementor-top-column elementor-element elementor-element-0a2f37e\" data-id=\"0a2f37e\" data-element_type=\"column\" data-e-type=\"column\">\n\t\t\t<div class=\"elementor-widget-wrap elementor-element-populated\">\n\t\t\t\t\t\t<div class=\"elementor-element elementor-element-56d1ac9 elementor-widget elementor-widget-text-editor\" data-id=\"56d1ac9\" data-element_type=\"widget\" data-e-type=\"widget\" data-widget_type=\"text-editor.default\">\n\t\t\t\t<div class=\"elementor-widget-container\">\n\t\t\t\t\t\t\t\t\t<p>Hello and welcome to the first class of the Urban Agriculture Certificate Tuesday course. For the first class, we will either meet at the farm or in the classroom at Loyola (CC-214) depending on the weather. We will email you Sunday evening to confirm the location. Also, you can always check this lesson page for updates.\u00a0<\/p><p style=\"caret-color: #000000; color: #000000;\">\u00a0<\/p><p style=\"caret-color: #000000; color: #000000;\"><strong>Loyola Farm Location:\u00a0<\/strong>La Ferme Loyola est situ\u00e9e \u00e0 l'arri\u00e8re du Campus Loyola. \u00e0 l'arri\u00e8re du b\u00e2timent TB, 7079 Rue de Terrebonne, Montr\u00e9al, Qu\u00e9bec H4B 1E1.<\/p><p style=\"caret-color: #000000; color: #000000;\"><strong>Classroom Location:<\/strong>\u00a0CC 214<\/p><p style=\"caret-color: #000000; color: #000000;\"><br \/><iframe style=\"border-width: 0px; border-style: none;\" src=\"https:\/\/www.google.com\/maps\/embed?pb=!1m18!1m12!1m3!1d699.6194838454494!2d-73.64206521184725!3d45.46017543934475!2m3!1f0!2f0!3f0!3m2!1i1024!2i768!4f13.1!3m3!1m2!1s0x4cc917d84e158fd7%3A0x557a5d3d4dc4d76d!2sCoop%20CultivAction%20Farm%20at%20Lotola%20Campus!5e0!3m2!1sen!2sca!4v1654481111459!5m2!1sen!2sca\" width=\"600\" height=\"450\" allowfullscreen=\"allowfullscreen\"><\/iframe><\/p>\t\t\t\t\t\t\t\t<\/div>\n\t\t\t\t<\/div>\n\t\t\t\t<div class=\"elementor-element elementor-element-50834c1 elementor-widget elementor-widget-spacer\" data-id=\"50834c1\" data-element_type=\"widget\" data-e-type=\"widget\" data-widget_type=\"spacer.default\">\n\t\t\t\t<div class=\"elementor-widget-container\">\n\t\t\t\t\t\t\t<div class=\"elementor-spacer\">\n\t\t\t<div class=\"elementor-spacer-inner\"><\/div>\n\t\t<\/div>\n\t\t\t\t\t\t<\/div>\n\t\t\t\t<\/div>\n\t\t\t\t<div class=\"elementor-element elementor-element-11f63f3 elementor-widget elementor-widget-image\" data-id=\"11f63f3\" data-element_type=\"widget\" data-e-type=\"widget\" data-widget_type=\"image.default\">\n\t\t\t\t<div class=\"elementor-widget-container\">\n\t\t\t\t\t\t\t\t\t\t\t\t\t\t\t<img fetchpriority=\"high\" decoding=\"async\" width=\"558\" height=\"478\" src=\"https:\/\/cultivaction.ca\/wp-content\/uploads\/2022\/04\/Campus-map.jpg\" class=\"attachment-large size-large wp-image-7571\" alt=\"\" srcset=\"https:\/\/cultivaction.ca\/wp-content\/uploads\/2022\/04\/Campus-map.jpg 558w, https:\/\/cultivaction.ca\/wp-content\/uploads\/2022\/04\/Campus-map-300x257.jpg 300w\" sizes=\"(max-width: 558px) 100vw, 558px\" \/>\t\t\t\t\t\t\t\t\t\t\t\t\t\t\t<\/div>\n\t\t\t\t<\/div>\n\t\t\t\t\t<\/div>\n\t\t<\/div>\n\t\t\t\t<div class=\"elementor-column elementor-col-50 elementor-top-column elementor-element elementor-element-27cf72f\" data-id=\"27cf72f\" data-element_type=\"column\" data-e-type=\"column\">\n\t\t\t<div class=\"elementor-widget-wrap elementor-element-populated\">\n\t\t\t\t\t\t<div class=\"elementor-element elementor-element-fe46d46 elementor-widget elementor-widget-text-editor\" data-id=\"fe46d46\" data-element_type=\"widget\" data-e-type=\"widget\" data-widget_type=\"text-editor.default\">\n\t\t\t\t<div class=\"elementor-widget-container\">\n\t\t\t\t\t\t\t\t\t<h3>Lesson 1<\/h3><div>5:30 &#8211; 6:30 &#8211; <span style=\"color: #3366ff;\"><a style=\"color: #3366ff;\" href=\"https:\/\/cultivaction.ca\/wp-content\/uploads\/2024\/05\/Class-1-Urban-Agriculture-Certificate-Tuesday-Class.pdf\" target=\"_blank\" rel=\"noopener\">Introduction (Download PowerPoint Link)<\/a><\/span><br \/>6:30 &#8211; 7:30 &#8211; Loyola Gardens Tour<br \/>7:30 &#8211; 8:30 &#8211; Garden Tasks (getting soil ready, seeding, transplanting)<br \/><br \/><\/div>\t\t\t\t\t\t\t\t<\/div>\n\t\t\t\t<\/div>\n\t\t\t\t<div class=\"elementor-element elementor-element-e1d247a elementor-widget elementor-widget-spacer\" data-id=\"e1d247a\" data-element_type=\"widget\" data-e-type=\"widget\" data-widget_type=\"spacer.default\">\n\t\t\t\t<div class=\"elementor-widget-container\">\n\t\t\t\t\t\t\t<div class=\"elementor-spacer\">\n\t\t\t<div class=\"elementor-spacer-inner\"><\/div>\n\t\t<\/div>\n\t\t\t\t\t\t<\/div>\n\t\t\t\t<\/div>\n\t\t\t\t<div class=\"elementor-element elementor-element-e85bcdc elementor-widget elementor-widget-text-editor\" data-id=\"e85bcdc\" data-element_type=\"widget\" data-e-type=\"widget\" data-widget_type=\"text-editor.default\">\n\t\t\t\t<div class=\"elementor-widget-container\">\n\t\t\t\t\t\t\t\t\t<h4>Resources to Inspire You<\/h4>\t\t\t\t\t\t\t\t<\/div>\n\t\t\t\t<\/div>\n\t\t\t\t<div class=\"elementor-element elementor-element-d702113 elementor-widget elementor-widget-spacer\" data-id=\"d702113\" data-element_type=\"widget\" data-e-type=\"widget\" data-widget_type=\"spacer.default\">\n\t\t\t\t<div class=\"elementor-widget-container\">\n\t\t\t\t\t\t\t<div class=\"elementor-spacer\">\n\t\t\t<div class=\"elementor-spacer-inner\"><\/div>\n\t\t<\/div>\n\t\t\t\t\t\t<\/div>\n\t\t\t\t<\/div>\n\t\t\t\t<div class=\"elementor-element elementor-element-0a96d74 elementor-button-info elementor-widget elementor-widget-button\" data-id=\"0a96d74\" data-element_type=\"widget\" data-e-type=\"widget\" data-widget_type=\"button.default\">\n\t\t\t\t<div class=\"elementor-widget-container\">\n\t\t\t\t\t\t\t\t\t<div class=\"elementor-button-wrapper\">\n\t\t\t\t\t<a class=\"elementor-button elementor-button-link elementor-size-sm\" href=\"https:\/\/handpickedpodcast.libsyn.com\/season-3-episode-1-theres-beauty-in-diversity-connecting-food-biodiversity-and-sustainability\" target=\"_blank\">\n\t\t\t\t\t\t<span class=\"elementor-button-content-wrapper\">\n\t\t\t\t\t\t\t\t\t<span class=\"elementor-button-text\">Link to HandPicked Podcast to Inspire you. \u201cThere\u2019s Beauty in Diversity\u201d: Connecting Food, Biodiversity, and Sustainability\"<\/span>\n\t\t\t\t\t<\/span>\n\t\t\t\t\t<\/a>\n\t\t\t\t<\/div>\n\t\t\t\t\t\t\t\t<\/div>\n\t\t\t\t<\/div>\n\t\t\t\t<div class=\"elementor-element elementor-element-6c60f42 elementor-widget elementor-widget-spacer\" data-id=\"6c60f42\" data-element_type=\"widget\" data-e-type=\"widget\" data-widget_type=\"spacer.default\">\n\t\t\t\t<div class=\"elementor-widget-container\">\n\t\t\t\t\t\t\t<div class=\"elementor-spacer\">\n\t\t\t<div class=\"elementor-spacer-inner\"><\/div>\n\t\t<\/div>\n\t\t\t\t\t\t<\/div>\n\t\t\t\t<\/div>\n\t\t\t\t<div class=\"elementor-element elementor-element-01a6775 elementor-button-info elementor-widget elementor-widget-button\" data-id=\"01a6775\" data-element_type=\"widget\" data-e-type=\"widget\" data-widget_type=\"button.default\">\n\t\t\t\t<div class=\"elementor-widget-container\">\n\t\t\t\t\t\t\t\t\t<div class=\"elementor-button-wrapper\">\n\t\t\t\t\t<a class=\"elementor-button elementor-button-link elementor-size-sm\" href=\"https:\/\/cultivaction.ca\/wp-content\/uploads\/2024\/04\/Regenerating-Food-Systems-A-Social-Ecological-Approach.pdf\" target=\"_blank\">\n\t\t\t\t\t\t<span class=\"elementor-button-content-wrapper\">\n\t\t\t\t\t\t\t\t\t<span class=\"elementor-button-text\">Chapter on Regerating Food Systems<\/span>\n\t\t\t\t\t<\/span>\n\t\t\t\t\t<\/a>\n\t\t\t\t<\/div>\n\t\t\t\t\t\t\t\t<\/div>\n\t\t\t\t<\/div>\n\t\t\t\t\t<\/div>\n\t\t<\/div>\n\t\t\t\t\t<\/div>\n\t\t<\/section>\n\t\t\t\t<section class=\"elementor-section elementor-top-section elementor-element elementor-element-e52574c elementor-section-boxed elementor-section-height-default elementor-section-height-default\" data-id=\"e52574c\" data-element_type=\"section\" data-e-type=\"section\">\n\t\t\t\t\t\t<div class=\"elementor-container elementor-column-gap-default\">\n\t\t\t\t\t<div class=\"elementor-column elementor-col-100 elementor-top-column elementor-element elementor-element-d54ae61\" data-id=\"d54ae61\" data-element_type=\"column\" data-e-type=\"column\">\n\t\t\t<div class=\"elementor-widget-wrap elementor-element-populated\">\n\t\t\t\t\t\t<div class=\"elementor-element elementor-element-5f0a947 elementor-widget elementor-widget-spacer\" data-id=\"5f0a947\" data-element_type=\"widget\" data-e-type=\"widget\" data-widget_type=\"spacer.default\">\n\t\t\t\t<div class=\"elementor-widget-container\">\n\t\t\t\t\t\t\t<div class=\"elementor-spacer\">\n\t\t\t<div class=\"elementor-spacer-inner\"><\/div>\n\t\t<\/div>\n\t\t\t\t\t\t<\/div>\n\t\t\t\t<\/div>\n\t\t\t\t\t<\/div>\n\t\t<\/div>\n\t\t\t\t\t<\/div>\n\t\t<\/section>\n\t\t\t\t<section class=\"elementor-section elementor-top-section elementor-element elementor-element-fe9d374 elementor-section-boxed elementor-section-height-default elementor-section-height-default\" data-id=\"fe9d374\" data-element_type=\"section\" data-e-type=\"section\">\n\t\t\t\t\t\t<div class=\"elementor-container elementor-column-gap-default\">\n\t\t\t\t\t<div class=\"elementor-column elementor-col-100 elementor-top-column elementor-element elementor-element-9b70684\" data-id=\"9b70684\" data-element_type=\"column\" data-e-type=\"column\">\n\t\t\t<div class=\"elementor-widget-wrap elementor-element-populated\">\n\t\t\t\t\t\t<div class=\"elementor-element elementor-element-7f2fb81 elementor-widget elementor-widget-spacer\" data-id=\"7f2fb81\" data-element_type=\"widget\" data-e-type=\"widget\" data-widget_type=\"spacer.default\">\n\t\t\t\t<div class=\"elementor-widget-container\">\n\t\t\t\t\t\t\t<div class=\"elementor-spacer\">\n\t\t\t<div class=\"elementor-spacer-inner\"><\/div>\n\t\t<\/div>\n\t\t\t\t\t\t<\/div>\n\t\t\t\t<\/div>\n\t\t\t\t\t<\/div>\n\t\t<\/div>\n\t\t\t\t\t<\/div>\n\t\t<\/section>\n\t\t\t\t<\/div>","protected":false},"excerpt":{"rendered":"<p>CLASS 1 May 14: Introduction to the Urban Agriculture Certificate Course Meeting Location &#8211; Classroom CC 214 (see map below) Hello and welcome to the first class of the Urban&#8230;<\/p>","protected":false},"author":2,"featured_media":0,"parent":0,"menu_order":0,"comment_status":"closed","ping_status":"closed","template":"","meta":{"wprm-recipe-roundup-name":"","wprm-recipe-roundup-description":"","_monsterinsights_skip_tracking":false,"_monsterinsights_sitenote_active":false,"_monsterinsights_sitenote_note":"","_monsterinsights_sitenote_category":0,"footnotes":""},"class_list":{"0":"post-15008","1":"page","2":"type-page","3":"status-publish","4":"hentry","5":"nt-post-class","6":"","8":"thumb-none","10":"excerpt-none"},"yoast_head":"<!-- This site is optimized with the Yoast SEO plugin v27.4 - https:\/\/yoast.com\/product\/yoast-seo-wordpress\/ -->\n<title>May 14 - Introduction to the Urban Agriculture Certificate Tuesday Course - Cultivaction<\/title>\n<meta name=\"robots\" content=\"index, follow, max-snippet:-1, max-image-preview:large, max-video-preview:-1\" \/>\n<link rel=\"canonical\" href=\"https:\/\/cultivaction.ca\/fr\/may-14-introduction-to-the-urban-agriculture-certificate-tuesday-course\/\" \/>\n<meta property=\"og:locale\" content=\"fr_CA\" \/>\n<meta property=\"og:type\" content=\"article\" \/>\n<meta property=\"og:title\" content=\"May 14 - Introduction to the Urban Agriculture Certificate Tuesday Course - Cultivaction\" \/>\n<meta property=\"og:description\" content=\"CLASS 1 May 14: Introduction to the Urban Agriculture Certificate Course Meeting Location &#8211; Classroom CC 214 (see map below) Hello and welcome to the first class of the Urban...\" \/>\n<meta property=\"og:url\" content=\"https:\/\/cultivaction.ca\/fr\/may-14-introduction-to-the-urban-agriculture-certificate-tuesday-course\/\" \/>\n<meta property=\"og:site_name\" content=\"Cultivaction\" \/>\n<meta property=\"article:modified_time\" content=\"2024-05-14T03:46:31+00:00\" \/>\n<meta property=\"og:image\" content=\"https:\/\/cultivaction.ca\/wp-content\/uploads\/2022\/04\/Campus-map.jpg\" \/>\n<meta name=\"twitter:card\" content=\"summary_large_image\" \/>\n<meta name=\"twitter:label1\" content=\"Estimation du temps de lecture\" \/>\n\t<meta name=\"twitter:data1\" content=\"1 minute\" \/>\n<script type=\"application\/ld+json\" class=\"yoast-schema-graph\">{\"@context\":\"https:\\\/\\\/schema.org\",\"@graph\":[{\"@type\":\"WebPage\",\"@id\":\"https:\\\/\\\/cultivaction.ca\\\/may-14-introduction-to-the-urban-agriculture-certificate-tuesday-course\\\/\",\"url\":\"https:\\\/\\\/cultivaction.ca\\\/may-14-introduction-to-the-urban-agriculture-certificate-tuesday-course\\\/\",\"name\":\"May 14 - Introduction to the Urban Agriculture Certificate Tuesday Course - Cultivaction\",\"isPartOf\":{\"@id\":\"https:\\\/\\\/cultivaction.ca\\\/#website\"},\"primaryImageOfPage\":{\"@id\":\"https:\\\/\\\/cultivaction.ca\\\/may-14-introduction-to-the-urban-agriculture-certificate-tuesday-course\\\/#primaryimage\"},\"image\":{\"@id\":\"https:\\\/\\\/cultivaction.ca\\\/may-14-introduction-to-the-urban-agriculture-certificate-tuesday-course\\\/#primaryimage\"},\"thumbnailUrl\":\"https:\\\/\\\/cultivaction.ca\\\/wp-content\\\/uploads\\\/2022\\\/04\\\/Campus-map.jpg\",\"datePublished\":\"2024-05-09T01:38:54+00:00\",\"dateModified\":\"2024-05-14T03:46:31+00:00\",\"breadcrumb\":{\"@id\":\"https:\\\/\\\/cultivaction.ca\\\/may-14-introduction-to-the-urban-agriculture-certificate-tuesday-course\\\/#breadcrumb\"},\"inLanguage\":\"fr-CA\",\"potentialAction\":[{\"@type\":\"ReadAction\",\"target\":[\"https:\\\/\\\/cultivaction.ca\\\/may-14-introduction-to-the-urban-agriculture-certificate-tuesday-course\\\/\"]}]},{\"@type\":\"ImageObject\",\"inLanguage\":\"fr-CA\",\"@id\":\"https:\\\/\\\/cultivaction.ca\\\/may-14-introduction-to-the-urban-agriculture-certificate-tuesday-course\\\/#primaryimage\",\"url\":\"https:\\\/\\\/cultivaction.ca\\\/wp-content\\\/uploads\\\/2022\\\/04\\\/Campus-map.jpg\",\"contentUrl\":\"https:\\\/\\\/cultivaction.ca\\\/wp-content\\\/uploads\\\/2022\\\/04\\\/Campus-map.jpg\"},{\"@type\":\"BreadcrumbList\",\"@id\":\"https:\\\/\\\/cultivaction.ca\\\/may-14-introduction-to-the-urban-agriculture-certificate-tuesday-course\\\/#breadcrumb\",\"itemListElement\":[{\"@type\":\"ListItem\",\"position\":1,\"name\":\"Home\",\"item\":\"https:\\\/\\\/cultivaction.ca\\\/\"},{\"@type\":\"ListItem\",\"position\":2,\"name\":\"May 14 &#8211; Introduction to the Urban Agriculture Certificate Tuesday Course\"}]},{\"@type\":\"WebSite\",\"@id\":\"https:\\\/\\\/cultivaction.ca\\\/#website\",\"url\":\"https:\\\/\\\/cultivaction.ca\\\/\",\"name\":\"Cultivaction\",\"description\":\"Solidarity Cooperative of Urban Farmers\",\"publisher\":{\"@id\":\"https:\\\/\\\/cultivaction.ca\\\/#organization\"},\"potentialAction\":[{\"@type\":\"SearchAction\",\"target\":{\"@type\":\"EntryPoint\",\"urlTemplate\":\"https:\\\/\\\/cultivaction.ca\\\/?s={search_term_string}\"},\"query-input\":{\"@type\":\"PropertyValueSpecification\",\"valueRequired\":true,\"valueName\":\"search_term_string\"}}],\"inLanguage\":\"fr-CA\"},{\"@type\":\"Organization\",\"@id\":\"https:\\\/\\\/cultivaction.ca\\\/#organization\",\"name\":\"Coop CultivAction\",\"url\":\"https:\\\/\\\/cultivaction.ca\\\/\",\"logo\":{\"@type\":\"ImageObject\",\"inLanguage\":\"fr-CA\",\"@id\":\"https:\\\/\\\/cultivaction.ca\\\/#\\\/schema\\\/logo\\\/image\\\/\",\"url\":\"https:\\\/\\\/i0.wp.com\\\/cultivaction.ca\\\/wp-content\\\/uploads\\\/2022\\\/02\\\/Cultivaction-300x100-1.png?fit=300%2C100&ssl=1\",\"contentUrl\":\"https:\\\/\\\/i0.wp.com\\\/cultivaction.ca\\\/wp-content\\\/uploads\\\/2022\\\/02\\\/Cultivaction-300x100-1.png?fit=300%2C100&ssl=1\",\"width\":300,\"height\":100,\"caption\":\"Coop CultivAction\"},\"image\":{\"@id\":\"https:\\\/\\\/cultivaction.ca\\\/#\\\/schema\\\/logo\\\/image\\\/\"}}]}<\/script>\n<!-- \/ Yoast SEO plugin. -->","yoast_head_json":{"title":"May 14 - Introduction to the Urban Agriculture Certificate Tuesday Course - Cultivaction","robots":{"index":"index","follow":"follow","max-snippet":"max-snippet:-1","max-image-preview":"max-image-preview:large","max-video-preview":"max-video-preview:-1"},"canonical":"https:\/\/cultivaction.ca\/fr\/may-14-introduction-to-the-urban-agriculture-certificate-tuesday-course\/","og_locale":"fr_CA","og_type":"article","og_title":"May 14 - Introduction to the Urban Agriculture Certificate Tuesday Course - Cultivaction","og_description":"CLASS 1 May 14: Introduction to the Urban Agriculture Certificate Course Meeting Location &#8211; Classroom CC 214 (see map below) Hello and welcome to the first class of the Urban...","og_url":"https:\/\/cultivaction.ca\/fr\/may-14-introduction-to-the-urban-agriculture-certificate-tuesday-course\/","og_site_name":"Cultivaction","article_modified_time":"2024-05-14T03:46:31+00:00","og_image":[{"url":"https:\/\/cultivaction.ca\/wp-content\/uploads\/2022\/04\/Campus-map.jpg","type":"","width":"","height":""}],"twitter_card":"summary_large_image","twitter_misc":{"Estimation du temps de lecture":"1 minute"},"schema":{"@context":"https:\/\/schema.org","@graph":[{"@type":"WebPage","@id":"https:\/\/cultivaction.ca\/may-14-introduction-to-the-urban-agriculture-certificate-tuesday-course\/","url":"https:\/\/cultivaction.ca\/may-14-introduction-to-the-urban-agriculture-certificate-tuesday-course\/","name":"May 14 - Introduction to the Urban Agriculture Certificate Tuesday Course - Cultivaction","isPartOf":{"@id":"https:\/\/cultivaction.ca\/#website"},"primaryImageOfPage":{"@id":"https:\/\/cultivaction.ca\/may-14-introduction-to-the-urban-agriculture-certificate-tuesday-course\/#primaryimage"},"image":{"@id":"https:\/\/cultivaction.ca\/may-14-introduction-to-the-urban-agriculture-certificate-tuesday-course\/#primaryimage"},"thumbnailUrl":"https:\/\/cultivaction.ca\/wp-content\/uploads\/2022\/04\/Campus-map.jpg","datePublished":"2024-05-09T01:38:54+00:00","dateModified":"2024-05-14T03:46:31+00:00","breadcrumb":{"@id":"https:\/\/cultivaction.ca\/may-14-introduction-to-the-urban-agriculture-certificate-tuesday-course\/#breadcrumb"},"inLanguage":"fr-CA","potentialAction":[{"@type":"ReadAction","target":["https:\/\/cultivaction.ca\/may-14-introduction-to-the-urban-agriculture-certificate-tuesday-course\/"]}]},{"@type":"ImageObject","inLanguage":"fr-CA","@id":"https:\/\/cultivaction.ca\/may-14-introduction-to-the-urban-agriculture-certificate-tuesday-course\/#primaryimage","url":"https:\/\/cultivaction.ca\/wp-content\/uploads\/2022\/04\/Campus-map.jpg","contentUrl":"https:\/\/cultivaction.ca\/wp-content\/uploads\/2022\/04\/Campus-map.jpg"},{"@type":"BreadcrumbList","@id":"https:\/\/cultivaction.ca\/may-14-introduction-to-the-urban-agriculture-certificate-tuesday-course\/#breadcrumb","itemListElement":[{"@type":"ListItem","position":1,"name":"Home","item":"https:\/\/cultivaction.ca\/"},{"@type":"ListItem","position":2,"name":"May 14 &#8211; Introduction to the Urban Agriculture Certificate Tuesday Course"}]},{"@type":"WebSite","@id":"https:\/\/cultivaction.ca\/#website","url":"https:\/\/cultivaction.ca\/","name":"Cultivaction","description":"Coop\u00e9rative de solidarit\u00e9 d'agriculteurs urbains","publisher":{"@id":"https:\/\/cultivaction.ca\/#organization"},"potentialAction":[{"@type":"SearchAction","target":{"@type":"EntryPoint","urlTemplate":"https:\/\/cultivaction.ca\/?s={search_term_string}"},"query-input":{"@type":"PropertyValueSpecification","valueRequired":true,"valueName":"search_term_string"}}],"inLanguage":"fr-CA"},{"@type":"Organization","@id":"https:\/\/cultivaction.ca\/#organization","name":"Coop CultivAction","url":"https:\/\/cultivaction.ca\/","logo":{"@type":"ImageObject","inLanguage":"fr-CA","@id":"https:\/\/cultivaction.ca\/#\/schema\/logo\/image\/","url":"https:\/\/i0.wp.com\/cultivaction.ca\/wp-content\/uploads\/2022\/02\/Cultivaction-300x100-1.png?fit=300%2C100&ssl=1","contentUrl":"https:\/\/i0.wp.com\/cultivaction.ca\/wp-content\/uploads\/2022\/02\/Cultivaction-300x100-1.png?fit=300%2C100&ssl=1","width":300,"height":100,"caption":"Coop CultivAction"},"image":{"@id":"https:\/\/cultivaction.ca\/#\/schema\/logo\/image\/"}}]}},"jetpack_sharing_enabled":true,"_links":{"self":[{"href":"https:\/\/cultivaction.ca\/fr\/wp-json\/wp\/v2\/pages\/15008","targetHints":{"allow":["GET"]}}],"collection":[{"href":"https:\/\/cultivaction.ca\/fr\/wp-json\/wp\/v2\/pages"}],"about":[{"href":"https:\/\/cultivaction.ca\/fr\/wp-json\/wp\/v2\/types\/page"}],"author":[{"embeddable":true,"href":"https:\/\/cultivaction.ca\/fr\/wp-json\/wp\/v2\/users\/2"}],"replies":[{"embeddable":true,"href":"https:\/\/cultivaction.ca\/fr\/wp-json\/wp\/v2\/comments?post=15008"}],"version-history":[{"count":0,"href":"https:\/\/cultivaction.ca\/fr\/wp-json\/wp\/v2\/pages\/15008\/revisions"}],"wp:attachment":[{"href":"https:\/\/cultivaction.ca\/fr\/wp-json\/wp\/v2\/media?parent=15008"}],"curies":[{"name":"wp","href":"https:\/\/api.w.org\/{rel}","templated":true}]}}