{"id":14535,"date":"2024-04-25T14:16:23","date_gmt":"2024-04-25T14:16:23","guid":{"rendered":"https:\/\/cultivaction.ca\/?page_id=14535"},"modified":"2026-02-23T14:55:11","modified_gmt":"2026-02-23T14:55:11","slug":"tuesday-class","status":"publish","type":"page","link":"https:\/\/cultivaction.ca\/fr\/tuesday-class\/","title":{"rendered":"Tuesday Class"},"content":{"rendered":"<p><img fetchpriority=\"high\" decoding=\"async\" width=\"653\" height=\"437\" src=\"https:\/\/cultivaction.ca\/wp-content\/uploads\/2024\/02\/cultivaction-west-island-farming-school-2-e1715216422750.png\" alt=\"\" srcset=\"https:\/\/i0.wp.com\/cultivaction.ca\/wp-content\/uploads\/2024\/02\/cultivaction-west-island-farming-school-2-e1715216422750.png?w=653&amp;ssl=1 653w, https:\/\/i0.wp.com\/cultivaction.ca\/wp-content\/uploads\/2024\/02\/cultivaction-west-island-farming-school-2-e1715216422750.png?resize=300%2C201&amp;ssl=1 300w, https:\/\/i0.wp.com\/cultivaction.ca\/wp-content\/uploads\/2024\/02\/cultivaction-west-island-farming-school-2-e1715216422750.png?resize=18%2C12&amp;ssl=1 18w\" sizes=\"(max-width: 653px) 100vw, 653px\" \/><br \/>\n\t\t\t\t\t\t\t\t\t\t\t\t\t<img decoding=\"async\" width=\"700\" height=\"438\" src=\"https:\/\/cultivaction.ca\/wp-content\/uploads\/2024\/02\/MONTREAL-URBAN-AGRICULTURE-SCHOOL.png\" alt=\"\" srcset=\"https:\/\/i0.wp.com\/cultivaction.ca\/wp-content\/uploads\/2024\/02\/MONTREAL-URBAN-AGRICULTURE-SCHOOL.png?w=700&amp;ssl=1 700w, https:\/\/i0.wp.com\/cultivaction.ca\/wp-content\/uploads\/2024\/02\/MONTREAL-URBAN-AGRICULTURE-SCHOOL.png?resize=300%2C188&amp;ssl=1 300w, https:\/\/i0.wp.com\/cultivaction.ca\/wp-content\/uploads\/2024\/02\/MONTREAL-URBAN-AGRICULTURE-SCHOOL.png?resize=18%2C12&amp;ssl=1 18w\" sizes=\"(max-width: 700px) 100vw, 700px\" \/>\t\t\t\t\t\t\t\t\t\t\t\t\t<\/p>\n<h3>Contact<\/h3>\n<p>Erik Chevrier, Ph.D.<\/p>\n<p>\t\t\t<a href=\"mailto:courses@cultivaction.ca\" target=\"_blank\" rel=\"noopener\"><br \/>\n\t\t\t\t\t\t\t\t\tEmail Me<br \/>\n\t\t\t\t\t<\/a><br \/>\n\t\t\t<a href=\"tel:514-998-5889\" target=\"_blank\" rel=\"noopener\"><br \/>\n\t\t\t\t\t\t\t\t\tCall Me<br \/>\n\t\t\t\t\t<\/a><\/p>\n<h3>Course Information<\/h3>\n<p><strong>Meet<\/strong><strong> Time:\u00a0<\/strong>Ce cours se d\u00e9roule toutes les deux semaines Les samedis de 9h00 \u00e0 12h00 du 4 mai au 30 novembre <strong>,<\/strong> 2024 <strong>Tuesdays<\/strong> evenings from <strong>5:30 p.m. to 8:30 p.m<\/strong>., from <strong>May 14 to October 15<\/strong>.<\/p>\n<p><strong>Loyola Farm Location: <\/strong>La Ferme Loyola est situ\u00e9e \u00e0 l'arri\u00e8re du Campus Loyola. \u00e0 l'arri\u00e8re du b\u00e2timent TB, 7079 Rue de Terrebonne, Montr\u00e9al, Qu\u00e9bec H4B 1E1.<\/p>\n<p><strong>Classroom Location:<\/strong> CC 214<br \/><iframe style=\"border: 0;\" src=\"https:\/\/www.google.com\/maps\/embed?pb=!1m18!1m12!1m3!1d699.6194838454494!2d-73.64206521184725!3d45.46017543934475!2m3!1f0!2f0!3f0!3m2!1i1024!2i768!4f13.1!3m3!1m2!1s0x4cc917d84e158fd7%3A0x557a5d3d4dc4d76d!2sCoop%20CultivAction%20Farm%20at%20Lotola%20Campus!5e0!3m2!1sen!2sca!4v1654481111459!5m2!1sen!2sca\" width=\"600\" height=\"450\" allowfullscreen=\"allowfullscreen\"><\/iframe><\/p>\n<p>\t\t\t\t\t\t\t\t\t\t\t\t\t<img decoding=\"async\" width=\"558\" height=\"478\" src=\"https:\/\/cultivaction.ca\/wp-content\/uploads\/2022\/04\/Campus-map.jpg\" alt=\"\" srcset=\"https:\/\/i0.wp.com\/cultivaction.ca\/wp-content\/uploads\/2022\/04\/Campus-map.jpg?w=558&amp;ssl=1 558w, https:\/\/i0.wp.com\/cultivaction.ca\/wp-content\/uploads\/2022\/04\/Campus-map.jpg?resize=300%2C257&amp;ssl=1 300w\" sizes=\"(max-width: 558px) 100vw, 558px\" \/>\t\t\t\t\t\t\t\t\t\t\t\t\t<\/p>\n<h2>Welcome to the Urban Agriculture Certificate &#8211;\u00a0 Tuesday Course<\/h2>\n<p>\t\tHello, everyone, my name is Erik Chevrier, Ph.D., and Mohammed Al-Duais, Ph.D., and we are your course instructors. This page is your go-to resource for everything you&#8217;ll need to fully engage in the course. We recommend visiting it every Sunday before our Tuesday class. Here, you&#8217;ll find the class plan, supplemental readings, PowerPoint presentations, as well as any updates or changes regarding meeting times (especially in case of rain).\t\t<\/p>\n<p>Every Sunday, you&#8217;ll receive an email containing details about the lesson and location for the upcoming class scheduled for Tuesday. If you ever find yourself unsure about where to meet, please don&#8217;t hesitate to reach out to me through the email or phone link buttons in the contact section.\u00a0<\/p>\n<p>We look forward to to meeting everyone on on May 14th! &#8211; Erik and Mohammed<\/p>\n<p>\t\t\t\t\t\t\t\t\t\t\t\t<a tabindex=\"0\">Click to see a list of ITEMS TO BRING TO CLASS<\/a><\/p>\n<p><em>Here is a list of items you should and could bring to each class.\u00a0<\/em><\/p>\n<p><strong>You should bring:<\/strong><\/p>\n<p>1 \u2013 Sun protection (sunscreen, hat, long sleeve shirt, etc.)<br \/>2 \u2013 Insect protection (bug repellant, bug hat, long sleeve shirt, pants, etc.)<br \/>3 \u2013 Proper gardening shoes or boots.<br \/>4 \u2013 Gloves (we have some but they get sweaty).<br \/>5 \u2013 Notebook, pen, pencil.<br \/>6 \u2013 Water to drink.<br \/>7 \u2013 Basket or bag to take home produce.<br \/>8 \u2013 Love for growing food.\u00a0<\/p>\n<p><strong>Items you could also bring: \u00a0<\/strong>\u00a0<\/p>\n<p>9 \u2013 Gardening tools. We have some but you can bring your own if you wish too.\u00a0<br \/>10 \u2013 Food for personal consumption and\/or to share with others.<br \/>11 \u2013 A folding chair.<\/p>\n<h2>Course Schedule and Themes<\/h2>\n<p>The class plan will be available on the Thursday preceding each class. While the dates remain fixed, please note that topics are subject to change based on weather conditions and course progress. <strong>Access the information for each class by clicking on the hyperlinks below.\u00a0<\/strong><\/p>\n<p><strong><a style=\"color: #3366ff; text-decoration: underline;\" href=\"http:\/\/cultivaction.ca\/fr\/may-14-introduction-to-the-urban-agriculture-certificate-tuesday-course\/\" target=\"_blank\" rel=\"noopener\">May 14 &#8211; Introduction to Urban Agriculture, Regenerative Agriculture, Permaculture, Urban Foraging, Edible Urban Planning, and SPIN Farming<\/a><\/strong><\/p>\n<p><strong><a style=\"color: #3366ff; text-decoration: underline;\" href=\"https:\/\/cultivaction.ca\/fr\/may-28-setting-up-a-garden-urban-farm-seeding-transplanting-building-infrastructure\/\" target=\"_blank\" rel=\"noopener\">May 28 &#8211; Setting Up a Garden\/Urban Farm &#8211; Seeding, Transplanting, Building Infrastructure<\/a><\/strong><\/p>\n<p><a href=\"https:\/\/cultivaction.ca\/fr\/june-11-healthy-soil-regenerative-food-systems-and-cycles\/\" target=\"_blank\" rel=\"noopener\"><strong>June 11 &#8211; Healthy Soil &#8211; Regenerative Food Systems and Cycles<\/strong><\/a><\/p>\n<p><strong><a style=\"color: #3366ff; text-decoration: underline;\" href=\"https:\/\/cultivaction.ca\/fr\/june-25-different-forms-of-urban-farms-field-trip-to-st-anne-de-bellevue\/\" target=\"_blank\" rel=\"noopener\">June 25 &#8211; Different Forms of Urban Farms &#8211; Field Trip to St. Anne de Bellevue<\/a><\/strong><\/p>\n<p><strong><a style=\"color: #3366ff; text-decoration: underline;\" href=\"https:\/\/cultivaction.ca\/fr\/july-9-introduction-to-plant-ecology-maintaining-an-annual-garden\/\" target=\"_blank\" rel=\"noopener\">July 9 &#8211; Introduction to Plant Ecology &#8211; Maintaining an Annual Garden<\/a><\/strong><\/p>\n<p><strong><a style=\"color: #3366ff; text-decoration: underline;\" href=\"https:\/\/cultivaction.ca\/fr\/july-23-introduction-to-plant-ecology-maintaining-an-annual-garden-part-2\/\">July 23 &#8211; Introduction to Plant Ecology &#8211; Maintaining an Annual Garden &#8211; Part 2<\/a><\/strong><\/p>\n<p><strong><a style=\"color: #3366ff; text-decoration: underline;\" href=\"https:\/\/cultivaction.ca\/fr\/august-6-natural-solutions-to-common-garden-problems\/\" target=\"_blank\" rel=\"noopener\">August 6 &#8211; Natural Solutions to Common Garden Problems<\/a><\/strong><\/p>\n<p><strong><a style=\"color: #3366ff; text-decoration: underline;\" href=\"https:\/\/cultivaction.ca\/fr\/august-20-healthy-soil-healthy-plants\/\" target=\"_blank\" rel=\"noopener\">August 20 &#8211; Healthy Soil, Healthy Plants<\/a><\/strong><\/p>\n<p><strong><a style=\"color: #3366ff; text-decoration: underline;\" href=\"https:\/\/cultivaction.ca\/fr\/september-3-post-harvest-seed-saving-preservation\/\" target=\"_blank\" rel=\"noopener\">September 3 &#8211; Post Harvest, Seed Saving, Preservation<\/a><\/strong><\/p>\n<p><strong><a style=\"color: #3366ff; text-decoration: underline;\" href=\"https:\/\/cultivaction.ca\/fr\/september-17-putting-your-garden-to-bed\/\" target=\"_blank\" rel=\"noopener\">September 17 \u2013 Putting your Garden to Bed<\/a><\/strong><\/p>\n<p><strong><a style=\"color: #3366ff; text-decoration: underline;\" href=\"https:\/\/cultivaction.ca\/fr\/october-1-mycology-and-mushroom-farming\/\">October 1 \u2013 Mycology and Mushroom Farming<\/a><\/strong><\/p>\n<p>October 15 &#8211; Harvest Party<\/p>\n<h2>Course Description<\/h2>\n<p>(Ce cours est offert en anglais.) Ce cours s'adresse \u00e0 toute personne int\u00e9ress\u00e9e par le jardinage, l'agriculture urbaine et la permaculture urbaine. Les \u00e9tudiants de ce cours acquerront des connaissances sur la mani\u00e8re de produire de la nourriture dans leur propre jardin, sur leur balcon, dans des jardins communautaires\/collectifs et dans d'autres espaces urbains. Pour ceux qui n'ont pas acc\u00e8s \u00e0 un espace urbain pour s'exercer, nous offrirons des opportunit\u00e9s pratiques dans l'une des fermes de Coop CultivAction afin d'acqu\u00e9rir une exp\u00e9rience concr\u00e8te.<\/p>\n<p>Le cours d'agriculture urbaine CultivAction permettra aux participants d'acqu\u00e9rir les connaissances, les comp\u00e9tences, l'exp\u00e9rience pratique et la compr\u00e9hension critique n\u00e9cessaires pour mettre en \u0153uvre des transformations significatives au sein de leur syst\u00e8me alimentaire local.<\/p>\n<p>L'agriculture est l'une des principales sources de pollution mondiale, l'agriculture industrielle d\u00e9truit notre biosph\u00e8re et les pesticides et engrais chimiques ont des effets n\u00e9gatifs sur notre sant\u00e9. Acheter des aliments produits localement est un excellent moyen de r\u00e9duire l'impact sur l'environnement, et apprendre \u00e0 cultiver ses propres aliments est encore mieux ! Les prix des denr\u00e9es alimentaires sont en hausse ; une \u00e9tude de l'universit\u00e9 Dalhousie, de l'universit\u00e9 de Saskatchewan, de l'universit\u00e9 de Guelph et de l'universit\u00e9 de Colombie britannique a r\u00e9v\u00e9l\u00e9 que les prix des denr\u00e9es alimentaires ont augment\u00e9 de 10,3 % en 2022. Cultiver sa propre nourriture est un moyen gratifiant de r\u00e9duire son empreinte carbone, d'\u00e9conomiser de l'argent et d'acqu\u00e9rir des comp\u00e9tences pratiques que l'on peut partager avec d'autres. Quelle que soit votre motivation, avec un peu de connaissances et de pratique, il est possible de cultiver une abondance de fruits et de l\u00e9gumes sains et de participer \u00e0 un mouvement visant \u00e0 cultiver un avenir plus r\u00e9silient et plus s\u00fbr sur le plan alimentaire.<\/p>\n<h2>Suggested Readings<\/h2>\n<ol>\n<li><em>Braiding Sweetgrass: Indigenous Wisdom, Scientific Knowledge, and the Teachings of Plants.<\/em><\/li>\n<li><em>A Foodie\u2019s Guide to Capitalism: Understanding the Political Economy of What we Eat.<\/em><\/li>\n<li><em>Agroecology and Regenerative Agriculture: Sustainable Solutions for Hunger, Poverty and Climate Change<\/em>.<\/li>\n<li><em>Integrated Urban Agriculture: Precedents, Practices, Prospects<\/em>.<\/li>\n<li><em>Gaia\u2019s Garden: A Guide to Home-Scale Permaculture.<\/em><\/li>\n<li><em>The Essential Urban Farmer, Penguin Books.<\/em><\/li>\n<\/ol>\n<h2>A propos du cours<\/h2>\n<p>Ce cours d'agriculture urbaine est propos\u00e9 toutes les deux semaines pendant toute la saison de culture. Le cours consiste en 16 classes engageantes commen\u00e7ant en mai et se terminant en novembre. Le cours s'adresse aux adultes de tous \u00e2ges qui souhaitent apprendre \u00e0 cultiver des aliments nutritifs en milieu urbain. Que vous souhaitiez transformer votre propri\u00e9t\u00e9 en jardin comestible, apprendre \u00e0 entretenir un jardin communautaire ou am\u00e9liorer vos comp\u00e9tences en mati\u00e8re de jardinage, ce cours vous apportera des connaissances th\u00e9oriques et des comp\u00e9tences pratiques qui vous aideront \u00e0 devenir plus autonome.<\/p>\n<h2>Learning Goals<\/h2>\n<p><em>By the end of the course, students should be able to\u2026<\/em><\/p>\n<ul>\n<li style=\"list-style-type: none;\">\n<ul>\n<li>Cultiver des aliments en milieu urbain (ou p\u00e9riurbain)<\/li>\n<li>Incorporer les m\u00e9thodes SPIN (Small Plot Intensive Farming)\u00a0<\/li>\n<li>Devenir plus autonome en produisant une vari\u00e9t\u00e9 de fruits et de l\u00e9gumes \u00e0 la maison ou dans la communaut\u00e9.<\/li>\n<li>Comprendre les syst\u00e8mes alimentaires communautaires et appliquer ces connaissances au jardinage\/\u00e0 l'agriculture urbaine.<\/li>\n<li>Run a social economy-based urban farm<\/li>\n<li>Cultiver des plantes alimentaires annuelles et vivaces<\/li>\n<li>Incorporate permaculture and agroecology methods into urban gardening\/farming<\/li>\n<li>Obtenir une production maximale dans un jardin\/une ferme urbaine<\/li>\n<li>Understand gardening cycles \u2013 what to do in different seasons<\/li>\n<li>Incorporez des champignons dans vos fermes\/jardins urbains<\/li>\n<li>Fourrage dans les zones urbaines<\/li>\n<li>Utiliser des m\u00e9thodes naturelles de lutte contre les parasites<\/li>\n<li>Distinguer les mauvaises herbes des plantes et fleurs utiles<\/li>\n<li>Situate urban agriculture into larger food systems<\/li>\n<li>Identify planetary boundaries and ecological crises caused by industrial agriculture<\/li>\n<li>Understand the strengths and limitations of urban agriculture<\/li>\n<li>Differentiate between different models of urban farms\/gardens<\/li>\n<li>Apply diverse economic approaches to imagine and create ethical foodscapes<\/li>\n<li>Move beyond understanding weak sustainability toward transformative approaches<\/li>\n<li>Understand social justice and decolonial perspectives in urban agriculture<\/li>\n<\/ul>\n<\/li>\n<\/ul>","protected":false},"excerpt":{"rendered":"<p>Contact Erik Chevrier, Ph.D. Email Me Call Me Course Information Meet Time:\u00a0This Course runs biweekly on Tuesdays evenings from 5:30 p.m. to 8:30 p.m., from May 14 to October 15&#8230;.<\/p>","protected":false},"author":2,"featured_media":0,"parent":0,"menu_order":0,"comment_status":"closed","ping_status":"closed","template":"","meta":{"wprm-recipe-roundup-name":"","wprm-recipe-roundup-description":"","_monsterinsights_skip_tracking":false,"_monsterinsights_sitenote_active":false,"_monsterinsights_sitenote_note":"","_monsterinsights_sitenote_category":0,"footnotes":""},"class_list":{"0":"post-14535","1":"page","2":"type-page","3":"status-publish","4":"hentry","5":"nt-post-class","6":"","8":"thumb-none","10":"excerpt-none"},"yoast_head":"<!-- This site is optimized with the Yoast SEO plugin v27.4 - https:\/\/yoast.com\/product\/yoast-seo-wordpress\/ -->\n<title>Tuesday Class - Cultivaction<\/title>\n<meta name=\"robots\" content=\"index, follow, max-snippet:-1, max-image-preview:large, max-video-preview:-1\" \/>\n<link rel=\"canonical\" href=\"https:\/\/cultivaction.ca\/fr\/tuesday-class\/\" \/>\n<meta property=\"og:locale\" content=\"fr_CA\" \/>\n<meta property=\"og:type\" content=\"article\" \/>\n<meta property=\"og:title\" content=\"Tuesday Class - Cultivaction\" \/>\n<meta property=\"og:description\" content=\"Contact Erik Chevrier, Ph.D. Email Me Call Me Course Information Meet Time:\u00a0This Course runs biweekly on Tuesdays evenings from 5:30 p.m. to 8:30 p.m., from May 14 to October 15....\" \/>\n<meta property=\"og:url\" content=\"https:\/\/cultivaction.ca\/fr\/tuesday-class\/\" \/>\n<meta property=\"og:site_name\" content=\"Cultivaction\" \/>\n<meta property=\"article:modified_time\" content=\"2026-02-23T14:55:11+00:00\" \/>\n<meta property=\"og:image\" content=\"https:\/\/cultivaction.ca\/wp-content\/uploads\/2024\/02\/cultivaction-west-island-farming-school-2-e1715216422750.png\" \/>\n<meta name=\"twitter:card\" content=\"summary_large_image\" \/>\n<meta name=\"twitter:label1\" content=\"Estimation du temps de lecture\" \/>\n\t<meta name=\"twitter:data1\" content=\"6 minutes\" \/>\n<script type=\"application\/ld+json\" class=\"yoast-schema-graph\">{\"@context\":\"https:\\\/\\\/schema.org\",\"@graph\":[{\"@type\":\"WebPage\",\"@id\":\"https:\\\/\\\/cultivaction.ca\\\/tuesday-class\\\/\",\"url\":\"https:\\\/\\\/cultivaction.ca\\\/tuesday-class\\\/\",\"name\":\"Tuesday Class - Cultivaction\",\"isPartOf\":{\"@id\":\"https:\\\/\\\/cultivaction.ca\\\/#website\"},\"primaryImageOfPage\":{\"@id\":\"https:\\\/\\\/cultivaction.ca\\\/tuesday-class\\\/#primaryimage\"},\"image\":{\"@id\":\"https:\\\/\\\/cultivaction.ca\\\/tuesday-class\\\/#primaryimage\"},\"thumbnailUrl\":\"https:\\\/\\\/cultivaction.ca\\\/wp-content\\\/uploads\\\/2024\\\/02\\\/cultivaction-west-island-farming-school-2-e1715216422750.png\",\"datePublished\":\"2024-04-25T14:16:23+00:00\",\"dateModified\":\"2026-02-23T14:55:11+00:00\",\"breadcrumb\":{\"@id\":\"https:\\\/\\\/cultivaction.ca\\\/tuesday-class\\\/#breadcrumb\"},\"inLanguage\":\"fr-CA\",\"potentialAction\":[{\"@type\":\"ReadAction\",\"target\":[\"https:\\\/\\\/cultivaction.ca\\\/tuesday-class\\\/\"]}]},{\"@type\":\"ImageObject\",\"inLanguage\":\"fr-CA\",\"@id\":\"https:\\\/\\\/cultivaction.ca\\\/tuesday-class\\\/#primaryimage\",\"url\":\"https:\\\/\\\/cultivaction.ca\\\/wp-content\\\/uploads\\\/2024\\\/02\\\/cultivaction-west-island-farming-school-2-e1715216422750.png\",\"contentUrl\":\"https:\\\/\\\/cultivaction.ca\\\/wp-content\\\/uploads\\\/2024\\\/02\\\/cultivaction-west-island-farming-school-2-e1715216422750.png\"},{\"@type\":\"BreadcrumbList\",\"@id\":\"https:\\\/\\\/cultivaction.ca\\\/tuesday-class\\\/#breadcrumb\",\"itemListElement\":[{\"@type\":\"ListItem\",\"position\":1,\"name\":\"Home\",\"item\":\"https:\\\/\\\/cultivaction.ca\\\/\"},{\"@type\":\"ListItem\",\"position\":2,\"name\":\"Tuesday Class\"}]},{\"@type\":\"WebSite\",\"@id\":\"https:\\\/\\\/cultivaction.ca\\\/#website\",\"url\":\"https:\\\/\\\/cultivaction.ca\\\/\",\"name\":\"Cultivaction\",\"description\":\"Solidarity Cooperative of Urban Farmers\",\"publisher\":{\"@id\":\"https:\\\/\\\/cultivaction.ca\\\/#organization\"},\"potentialAction\":[{\"@type\":\"SearchAction\",\"target\":{\"@type\":\"EntryPoint\",\"urlTemplate\":\"https:\\\/\\\/cultivaction.ca\\\/?s={search_term_string}\"},\"query-input\":{\"@type\":\"PropertyValueSpecification\",\"valueRequired\":true,\"valueName\":\"search_term_string\"}}],\"inLanguage\":\"fr-CA\"},{\"@type\":\"Organization\",\"@id\":\"https:\\\/\\\/cultivaction.ca\\\/#organization\",\"name\":\"Coop CultivAction\",\"url\":\"https:\\\/\\\/cultivaction.ca\\\/\",\"logo\":{\"@type\":\"ImageObject\",\"inLanguage\":\"fr-CA\",\"@id\":\"https:\\\/\\\/cultivaction.ca\\\/#\\\/schema\\\/logo\\\/image\\\/\",\"url\":\"https:\\\/\\\/i0.wp.com\\\/cultivaction.ca\\\/wp-content\\\/uploads\\\/2022\\\/02\\\/Cultivaction-300x100-1.png?fit=300%2C100&ssl=1\",\"contentUrl\":\"https:\\\/\\\/i0.wp.com\\\/cultivaction.ca\\\/wp-content\\\/uploads\\\/2022\\\/02\\\/Cultivaction-300x100-1.png?fit=300%2C100&ssl=1\",\"width\":300,\"height\":100,\"caption\":\"Coop CultivAction\"},\"image\":{\"@id\":\"https:\\\/\\\/cultivaction.ca\\\/#\\\/schema\\\/logo\\\/image\\\/\"}}]}<\/script>\n<!-- \/ Yoast SEO plugin. -->","yoast_head_json":{"title":"Tuesday Class - Cultivaction","robots":{"index":"index","follow":"follow","max-snippet":"max-snippet:-1","max-image-preview":"max-image-preview:large","max-video-preview":"max-video-preview:-1"},"canonical":"https:\/\/cultivaction.ca\/fr\/tuesday-class\/","og_locale":"fr_CA","og_type":"article","og_title":"Tuesday Class - Cultivaction","og_description":"Contact Erik Chevrier, Ph.D. Email Me Call Me Course Information Meet Time:\u00a0This Course runs biweekly on Tuesdays evenings from 5:30 p.m. to 8:30 p.m., from May 14 to October 15....","og_url":"https:\/\/cultivaction.ca\/fr\/tuesday-class\/","og_site_name":"Cultivaction","article_modified_time":"2026-02-23T14:55:11+00:00","og_image":[{"url":"https:\/\/cultivaction.ca\/wp-content\/uploads\/2024\/02\/cultivaction-west-island-farming-school-2-e1715216422750.png","type":"","width":"","height":""}],"twitter_card":"summary_large_image","twitter_misc":{"Estimation du temps de lecture":"6 minutes"},"schema":{"@context":"https:\/\/schema.org","@graph":[{"@type":"WebPage","@id":"https:\/\/cultivaction.ca\/tuesday-class\/","url":"https:\/\/cultivaction.ca\/tuesday-class\/","name":"Tuesday Class - Cultivaction","isPartOf":{"@id":"https:\/\/cultivaction.ca\/#website"},"primaryImageOfPage":{"@id":"https:\/\/cultivaction.ca\/tuesday-class\/#primaryimage"},"image":{"@id":"https:\/\/cultivaction.ca\/tuesday-class\/#primaryimage"},"thumbnailUrl":"https:\/\/cultivaction.ca\/wp-content\/uploads\/2024\/02\/cultivaction-west-island-farming-school-2-e1715216422750.png","datePublished":"2024-04-25T14:16:23+00:00","dateModified":"2026-02-23T14:55:11+00:00","breadcrumb":{"@id":"https:\/\/cultivaction.ca\/tuesday-class\/#breadcrumb"},"inLanguage":"fr-CA","potentialAction":[{"@type":"ReadAction","target":["https:\/\/cultivaction.ca\/tuesday-class\/"]}]},{"@type":"ImageObject","inLanguage":"fr-CA","@id":"https:\/\/cultivaction.ca\/tuesday-class\/#primaryimage","url":"https:\/\/cultivaction.ca\/wp-content\/uploads\/2024\/02\/cultivaction-west-island-farming-school-2-e1715216422750.png","contentUrl":"https:\/\/cultivaction.ca\/wp-content\/uploads\/2024\/02\/cultivaction-west-island-farming-school-2-e1715216422750.png"},{"@type":"BreadcrumbList","@id":"https:\/\/cultivaction.ca\/tuesday-class\/#breadcrumb","itemListElement":[{"@type":"ListItem","position":1,"name":"Home","item":"https:\/\/cultivaction.ca\/"},{"@type":"ListItem","position":2,"name":"Tuesday Class"}]},{"@type":"WebSite","@id":"https:\/\/cultivaction.ca\/#website","url":"https:\/\/cultivaction.ca\/","name":"Cultivaction","description":"Coop\u00e9rative de solidarit\u00e9 d'agriculteurs urbains","publisher":{"@id":"https:\/\/cultivaction.ca\/#organization"},"potentialAction":[{"@type":"SearchAction","target":{"@type":"EntryPoint","urlTemplate":"https:\/\/cultivaction.ca\/?s={search_term_string}"},"query-input":{"@type":"PropertyValueSpecification","valueRequired":true,"valueName":"search_term_string"}}],"inLanguage":"fr-CA"},{"@type":"Organization","@id":"https:\/\/cultivaction.ca\/#organization","name":"Coop CultivAction","url":"https:\/\/cultivaction.ca\/","logo":{"@type":"ImageObject","inLanguage":"fr-CA","@id":"https:\/\/cultivaction.ca\/#\/schema\/logo\/image\/","url":"https:\/\/i0.wp.com\/cultivaction.ca\/wp-content\/uploads\/2022\/02\/Cultivaction-300x100-1.png?fit=300%2C100&ssl=1","contentUrl":"https:\/\/i0.wp.com\/cultivaction.ca\/wp-content\/uploads\/2022\/02\/Cultivaction-300x100-1.png?fit=300%2C100&ssl=1","width":300,"height":100,"caption":"Coop CultivAction"},"image":{"@id":"https:\/\/cultivaction.ca\/#\/schema\/logo\/image\/"}}]}},"jetpack_sharing_enabled":true,"_links":{"self":[{"href":"https:\/\/cultivaction.ca\/fr\/wp-json\/wp\/v2\/pages\/14535","targetHints":{"allow":["GET"]}}],"collection":[{"href":"https:\/\/cultivaction.ca\/fr\/wp-json\/wp\/v2\/pages"}],"about":[{"href":"https:\/\/cultivaction.ca\/fr\/wp-json\/wp\/v2\/types\/page"}],"author":[{"embeddable":true,"href":"https:\/\/cultivaction.ca\/fr\/wp-json\/wp\/v2\/users\/2"}],"replies":[{"embeddable":true,"href":"https:\/\/cultivaction.ca\/fr\/wp-json\/wp\/v2\/comments?post=14535"}],"version-history":[{"count":1,"href":"https:\/\/cultivaction.ca\/fr\/wp-json\/wp\/v2\/pages\/14535\/revisions"}],"predecessor-version":[{"id":19119,"href":"https:\/\/cultivaction.ca\/fr\/wp-json\/wp\/v2\/pages\/14535\/revisions\/19119"}],"wp:attachment":[{"href":"https:\/\/cultivaction.ca\/fr\/wp-json\/wp\/v2\/media?parent=14535"}],"curies":[{"name":"wp","href":"https:\/\/api.w.org\/{rel}","templated":true}]}}